{"id":349,"date":"2025-04-10T14:06:13","date_gmt":"2025-04-10T14:06:13","guid":{"rendered":"https:\/\/borobudur.cz\/?page_id=349"},"modified":"2026-04-20T09:18:45","modified_gmt":"2026-04-20T09:18:45","slug":"cenik-new","status":"publish","type":"page","link":"https:\/\/borobudur.cz\/?page_id=349","title":{"rendered":"Cen\u00edk"},"content":{"rendered":"\n<hr class=\"wp-block-separator has-text-color has-foreground-color has-alpha-channel-opacity has-foreground-background-color has-background is-style-wide\"\/>\n\n\n\n<div class=\"wp-block-columns is-not-stacked-on-mobile is-layout-flex wp-container-core-columns-is-layout-28f84493 wp-block-columns-is-layout-flex\">\n<div class=\"wp-block-column is-layout-flow wp-block-column-is-layout-flow\" style=\"padding-right:var(--wp--preset--spacing--50);padding-left:var(--wp--preset--spacing--50)\">\n<p class=\"has-foreground-color has-text-color has-link-color has-lead-font-size wp-elements-1c93784bee34bb61e7b0ae265c84fbc4\"><strong>N\u00e1vrh zavla\u017eovac\u00edho syst\u00e9mu<\/strong> &#8211; projekt<br>od 3 000 K\u010d<\/p>\n\n\n\n<p class=\"has-foreground-color has-text-color has-link-color has-lead-font-size wp-elements-94b2bd633fd3601c3624e8c9171b9d05\"><br><strong>Konzultace, stavebn\u00ed dozor<\/strong><br>750,00 K\u010d\/hod<\/p>\n\n\n\n<p class=\"has-foreground-color has-text-color has-link-color has-lead-font-size wp-elements-fcf58b21dd6992d059f0f2f7f395e141\"><br><strong>Zahradnick\u00e9 pr\u00e1ce &#8211; \u00fadr\u017eba zahrad<\/strong><br>400,00 K\u010d\/hod<\/p>\n\n\n\n<p class=\"has-foreground-color has-text-color has-link-color has-lead-font-size wp-elements-773a6828ec08a7c7d31fc507c4ea0edd\"><br><strong>Doprava<\/strong><br>20,00 K\u010d\/km<\/p>\n<\/div>\n<\/div>\n\n\n\n<hr class=\"wp-block-separator has-text-color has-foreground-color has-alpha-channel-opacity has-foreground-background-color has-background is-style-wide\"\/>\n","protected":false},"excerpt":{"rendered":"<p>N\u00e1vrh zavla\u017eovac\u00edho syst\u00e9mu &#8211; projektod 3 000 K\u010d Konzultace, stavebn\u00ed dozor750,00 K\u010d\/hod Zahradnick\u00e9 pr\u00e1ce &#8211; \u00fadr\u017eba zahrad400,00 K\u010d\/hod Doprava20,00 K\u010d\/km<\/p>\n","protected":false},"author":1,"featured_media":0,"parent":0,"menu_order":0,"comment_status":"closed","ping_status":"closed","template":"page-contact","meta":{"footnotes":""},"class_list":["post-349","page","type-page","status-publish","hentry"],"_links":{"self":[{"href":"https:\/\/borobudur.cz\/index.php?rest_route=\/wp\/v2\/pages\/349","targetHints":{"allow":["GET"]}}],"collection":[{"href":"https:\/\/borobudur.cz\/index.php?rest_route=\/wp\/v2\/pages"}],"about":[{"href":"https:\/\/borobudur.cz\/index.php?rest_route=\/wp\/v2\/types\/page"}],"author":[{"embeddable":true,"href":"https:\/\/borobudur.cz\/index.php?rest_route=\/wp\/v2\/users\/1"}],"replies":[{"embeddable":true,"href":"https:\/\/borobudur.cz\/index.php?rest_route=%2Fwp%2Fv2%2Fcomments&post=349"}],"version-history":[{"count":12,"href":"https:\/\/borobudur.cz\/index.php?rest_route=\/wp\/v2\/pages\/349\/revisions"}],"predecessor-version":[{"id":435,"href":"https:\/\/borobudur.cz\/index.php?rest_route=\/wp\/v2\/pages\/349\/revisions\/435"}],"wp:attachment":[{"href":"https:\/\/borobudur.cz\/index.php?rest_route=%2Fwp%2Fv2%2Fmedia&parent=349"}],"curies":[{"name":"wp","href":"https:\/\/api.w.org\/{rel}","templated":true}]}}